{"id":2186,"date":"2017-07-21T13:18:53","date_gmt":"2017-07-21T13:18:53","guid":{"rendered":"https:\/\/prague.foxthemes.me.1.2.0\/?page_id=2186"},"modified":"2025-12-17T21:17:21","modified_gmt":"2025-12-17T21:17:21","slug":"fullscreen-slider","status":"publish","type":"page","link":"https:\/\/ckaremimarlik.com\/en\/","title":{"rendered":"Anasayfa"},"content":{"rendered":"<div class=\"wpb-content-wrapper\"><div data-vc-full-width=\"true\" data-vc-full-width-init=\"false\" data-vc-stretch-content=\"true\" class=\"vc_row wpb_row vc_row-fluid vc_row-no-padding\"><div class=\"wpb_column vc_column_container vc_col-sm-12\"><div class=\"vc_column-inner\"><div class=\"wpb_wrapper\">\n\t\t\t\t<p class=\"rs-p-wp-fix\"><\/p>\n\t\t\t\t<sr7-module data-alias=\"slider-1\" data-id=\"1\" id=\"SR7_1_1\" class=\"rs-ov-hidden\" data-version=\"6.7.37\">\n\t\t\t\t\t<sr7-adjuster><\/sr7-adjuster>\n\t\t\t\t\t<sr7-content>\n\t\t\t\t\t\t<sr7-slide id=\"SR7_1_1-1\" data-key=\"1\">\n\t\t\t\t\t\t<\/sr7-slide>\n\t\t\t\t\t\t<sr7-slide id=\"SR7_1_1-7\" data-key=\"7\">\n\t\t\t\t\t\t\t<sr7-txt id=\"SR7_1_1-7-4\" class=\"sr7-layer\">Modern Mimari ve \u0130\u00e7 Mimari \u00c7\u00f6z\u00fcmleri<\/sr7-txt>\n\t\t\t\t\t\t\t<sr7-txt id=\"SR7_1_1-7-5\" class=\"sr7-layer\">C Kare Mimarl\u0131k & Tasar\u0131m; konut, ofis ve ticari alanlar i\u00e7in modern mimari ve i\u00e7 mimari projeler \u00fcretir. Estetik, fonksiyonel ve s\u00fcrd\u00fcr\u00fclebilir tasar\u0131mlar sunar.<\/sr7-txt>\n\t\t\t\t\t\t<\/sr7-slide>\n\t\t\t\t\t\t<sr7-slide id=\"SR7_1_1-3\" data-key=\"3\">\n\t\t\t\t\t\t\t<sr7-bg id=\"SR7_1_1-3-7\" class=\"sr7-layer\"><noscript><img decoding=\"async\" src=\"https:\/\/ckaremimarlik.com\/wp-content\/uploads\/2025\/12\/slayt1.jpg\" alt=\"\" title=\"Design house &#8211; modern villa with open plan living and private bedroom wing. Large terrace with privacy and, swimming pool. Generative AI.\"><\/noscript><\/sr7-bg>\n\t\t\t\t\t\t\t<sr7-txt id=\"SR7_1_1-3-0\" class=\"sr7-layer\">Modern Mimari ve \u0130\u00e7 Mimari \u00c7\u00f6z\u00fcmleri<\/sr7-txt>\n\t\t\t\t\t\t\t<sr7-txt id=\"SR7_1_1-3-2\" class=\"sr7-layer\">C Kare Mimarl\u0131k & Tasar\u0131m; konut, ofis ve ticari alanlar i\u00e7in modern mimari ve i\u00e7 mimari projeler \u00fcretir. Estetik, fonksiyonel ve s\u00fcrd\u00fcr\u00fclebilir tasar\u0131mlar sunar.<\/sr7-txt>\n\t\t\t\t\t\t<\/sr7-slide>\n\t\t\t\t\t\t<sr7-slide id=\"SR7_1_1-4\" data-key=\"4\">\n\t\t\t\t\t\t\t<sr7-bg id=\"SR7_1_1-4-13\" class=\"sr7-layer\"><noscript><img decoding=\"async\" src=\"https:\/\/ckaremimarlik.com\/wp-content\/uploads\/2025\/12\/slayt2.jpg\" alt=\"\" title=\"Design house &#8211; modern villa with open plan living and private bedroom wing. Large terrace with privacy and, swimming pool. Generative AI.\"><\/noscript><\/sr7-bg>\n\t\t\t\t\t\t\t<sr7-txt id=\"SR7_1_1-4-3\" class=\"sr7-layer\">Modern Mimari ve \u0130\u00e7 Mimari \u00c7\u00f6z\u00fcmleri<\/sr7-txt>\n\t\t\t\t\t\t\t<sr7-txt id=\"SR7_1_1-4-12\" class=\"sr7-layer\">C Kare Mimarl\u0131k & Tasar\u0131m; konut, ofis ve ticari alanlar i\u00e7in modern mimari ve i\u00e7 mimari projeler \u00fcretir. Estetik, fonksiyonel ve s\u00fcrd\u00fcr\u00fclebilir tasar\u0131mlar sunar.<\/sr7-txt>\n\t\t\t\t\t\t<\/sr7-slide>\n\t\t\t\t\t\t<sr7-slide id=\"SR7_1_1-5\" data-key=\"5\">\n\t\t\t\t\t\t\t<sr7-bg id=\"SR7_1_1-5-15\" class=\"sr7-layer\"><noscript><img decoding=\"async\" src=\"https:\/\/ckaremimarlik.com\/wp-content\/uploads\/2025\/12\/slayt3.jpg\" alt=\"\" title=\"Design house &#8211; modern villa with open plan living and private bedroom wing. Large terrace with privacy and, swimming pool. Generative AI.\"><\/noscript><\/sr7-bg>\n\t\t\t\t\t\t\t<sr7-txt id=\"SR7_1_1-5-13\" class=\"sr7-layer\">Modern Mimari ve \u0130\u00e7 Mimari \u00c7\u00f6z\u00fcmleri<\/sr7-txt>\n\t\t\t\t\t\t\t<sr7-txt id=\"SR7_1_1-5-14\" class=\"sr7-layer\">C Kare Mimarl\u0131k & Tasar\u0131m; konut, ofis ve ticari alanlar i\u00e7in modern mimari ve i\u00e7 mimari projeler \u00fcretir. Estetik, fonksiyonel ve s\u00fcrd\u00fcr\u00fclebilir tasar\u0131mlar sunar.<\/sr7-txt>\n\t\t\t\t\t\t<\/sr7-slide>\n\t\t\t\t\t\t<sr7-slide id=\"SR7_1_1-6\" data-key=\"6\">\n\t\t\t\t\t\t\t<sr7-bg id=\"SR7_1_1-6-17\" class=\"sr7-layer\"><noscript><img decoding=\"async\" src=\"https:\/\/ckaremimarlik.com\/wp-content\/uploads\/2025\/12\/slayt4.jpg\" alt=\"\" title=\"Design house &#8211; modern villa with open plan living and private bedroom wing. Large terrace with privacy and, swimming pool. Generative AI.\"><\/noscript><\/sr7-bg>\n\t\t\t\t\t\t\t<sr7-txt id=\"SR7_1_1-6-15\" class=\"sr7-layer\">Modern Mimari ve \u0130\u00e7 Mimari \u00c7\u00f6z\u00fcmleri<\/sr7-txt>\n\t\t\t\t\t\t\t<sr7-txt id=\"SR7_1_1-6-16\" class=\"sr7-layer\">C Kare Mimarl\u0131k & Tasar\u0131m; konut, ofis ve ticari alanlar i\u00e7in modern mimari ve i\u00e7 mimari projeler \u00fcretir. Estetik, fonksiyonel ve s\u00fcrd\u00fcr\u00fclebilir tasar\u0131mlar sunar.<\/sr7-txt>\n\t\t\t\t\t\t<\/sr7-slide>\n\t\t\t\t\t\t<sr7-slide id=\"SR7_1_1-2\" data-key=\"2\">\n\t\t\t\t\t\t<\/sr7-slide>\n\t\t\t\t\t<\/sr7-content>\n\t\t\t\t\t<image_lists style=\"display:none\">\n\t\t\t\t\t\t<img data-src=\"\/\/ckaremimarlik.com\/wp-content\/uploads\/2025\/12\/Asset-2.png\" data-libid=\"3030\" data-lib=\"medialibrary\" title=\"Asset 2\" width=\"0\" height=\"0\" data-dbsrc=\"Ly9ja2FyZW1pbWFybGlrLmNvbS93cC1jb250ZW50L3VwbG9hZHMvMjAyNS8xMi9Bc3NldC0yLnBuZw==\"\/>\n\t\t\t\t\t\t<img data-src=\"\/\/ckaremimarlik.com\/wp-content\/uploads\/2025\/12\/slayt1.jpg\" data-libid=\"3193\" data-lib=\"medialibrary\" title=\"Design house &#8211; modern villa with open plan living and private bedroom wing. Large terrace with privacy and, swimming pool. Generative AI.\" width=\"0\" height=\"0\" data-dbsrc=\"Ly9ja2FyZW1pbWFybGlrLmNvbS93cC1jb250ZW50L3VwbG9hZHMvMjAyNS8xMi9zbGF5dDEuanBn\"\/>\n\t\t\t\t\t\t<img data-src=\"\/\/ckaremimarlik.com\/wp-content\/uploads\/2025\/12\/slayt2.jpg\" data-libid=\"3194\" data-lib=\"medialibrary\" title=\"Design house &#8211; modern villa with open plan living and private bedroom wing. Large terrace with privacy and, swimming pool. Generative AI.\" width=\"0\" height=\"0\" data-dbsrc=\"Ly9ja2FyZW1pbWFybGlrLmNvbS93cC1jb250ZW50L3VwbG9hZHMvMjAyNS8xMi9zbGF5dDIuanBn\"\/>\n\t\t\t\t\t\t<img data-src=\"\/\/ckaremimarlik.com\/wp-content\/uploads\/2025\/12\/slayt3.jpg\" data-libid=\"3195\" data-lib=\"medialibrary\" title=\"Design house &#8211; modern villa with open plan living and private bedroom wing. Large terrace with privacy and, swimming pool. Generative AI.\" width=\"0\" height=\"0\" data-dbsrc=\"Ly9ja2FyZW1pbWFybGlrLmNvbS93cC1jb250ZW50L3VwbG9hZHMvMjAyNS8xMi9zbGF5dDMuanBn\"\/>\n\t\t\t\t\t\t<img data-src=\"\/\/ckaremimarlik.com\/wp-content\/uploads\/2025\/12\/slayt4.jpg\" data-libid=\"3196\" data-lib=\"medialibrary\" title=\"Design house &#8211; modern villa with open plan living and private bedroom wing. Large terrace with privacy and, swimming pool. Generative AI.\" width=\"0\" height=\"0\" data-dbsrc=\"Ly9ja2FyZW1pbWFybGlrLmNvbS93cC1jb250ZW50L3VwbG9hZHMvMjAyNS8xMi9zbGF5dDQuanBn\"\/>\n\t\t\t\t\t<\/image_lists>\n\t\t\t\t<\/sr7-module>\n\t\t\t\t<script>\n\t\t\t\t\tSR7.PMH ??={}; SR7.PMH[\"SR7_1_1\"] = {cn:100,state:false,fn: function() { if (_tpt!==undefined && _tpt.prepareModuleHeight !== undefined) {  _tpt.prepareModuleHeight({id:\"SR7_1_1\",el:[900,900,900,900,720],type:'standard',shdw:'0',gh:[900,900,900,900,720],gw:[1240,1240,1240,1240,480],vpt:['-100px&#039;,&#039;-100px&#039;,&#039;-100px&#039;,&#039;-100px&#039;,&#039;-100px'],size:{fullWidth:true, fullHeight:true},fho:'',mh:'0',onh:0,onw:0,bg:{color:'{\"orig\":\"transparent\",\"type\":\"solid\",\"string\":\"transparent\"}'}});   SR7.PMH[\"SR7_1_1\"].state=true;} else if(SR7.PMH[\"SR7_1_1\"].cn-->0)\tsetTimeout( SR7.PMH[\"SR7_1_1\"].fn,19);}};SR7.PMH[\"SR7_1_1\" ].fn();\n\t\t\t\t<\/script>\n<\/div><\/div><\/div><\/div><div class=\"vc_row-full-width vc_clearfix\"><\/div>\n<\/div>","protected":false},"excerpt":{"rendered":"Modern Mimari ve \u0130\u00e7 Mimari \u00c7\u00f6z\u00fcmleri C Kare Mimarl\u0131k & Tasar\u0131m; konut, ofis ve ticari alanlar i\u00e7in modern mimari ve","protected":false},"author":1,"featured_media":0,"parent":0,"menu_order":0,"comment_status":"closed","ping_status":"closed","template":"","meta":{"footnotes":""},"class_list":["post-2186","page","type-page","status-publish","hentry"],"featured_image_src":"","featured_image_src_square":"","_links":{"self":[{"href":"https:\/\/ckaremimarlik.com\/en\/wp-json\/wp\/v2\/pages\/2186","targetHints":{"allow":["GET"]}}],"collection":[{"href":"https:\/\/ckaremimarlik.com\/en\/wp-json\/wp\/v2\/pages"}],"about":[{"href":"https:\/\/ckaremimarlik.com\/en\/wp-json\/wp\/v2\/types\/page"}],"author":[{"embeddable":true,"href":"https:\/\/ckaremimarlik.com\/en\/wp-json\/wp\/v2\/users\/1"}],"replies":[{"embeddable":true,"href":"https:\/\/ckaremimarlik.com\/en\/wp-json\/wp\/v2\/comments?post=2186"}],"version-history":[{"count":13,"href":"https:\/\/ckaremimarlik.com\/en\/wp-json\/wp\/v2\/pages\/2186\/revisions"}],"predecessor-version":[{"id":3215,"href":"https:\/\/ckaremimarlik.com\/en\/wp-json\/wp\/v2\/pages\/2186\/revisions\/3215"}],"wp:attachment":[{"href":"https:\/\/ckaremimarlik.com\/en\/wp-json\/wp\/v2\/media?parent=2186"}],"curies":[{"name":"wp","href":"https:\/\/api.w.org\/{rel}","templated":true}]}}