{"id":116,"date":"2017-01-03T16:37:57","date_gmt":"2017-01-03T16:37:57","guid":{"rendered":"https:\/\/prague.foxthemes.me.1.2.0\/?page_id=116"},"modified":"2025-12-18T07:41:43","modified_gmt":"2025-12-18T07:41:43","slug":"iletisim","status":"publish","type":"page","link":"https:\/\/ckaremimarlik.com\/en\/iletisim\/","title":{"rendered":"\u0130leti\u015fim"},"content":{"rendered":"<div class=\"wpb-content-wrapper\"><div data-vc-full-width=\"true\" data-vc-full-width-init=\"false\" data-vc-stretch-content=\"true\" class=\"vc_row wpb_row vc_row-fluid vc_row-no-padding\"><div class=\"wpb_column vc_column_container vc_col-sm-12\"><div class=\"vc_column-inner\"><div class=\"wpb_wrapper\">[vc_banner_title style=&#8221;big&#8221; color_style=&#8221;light&#8221; subtitle=&#8221;\u0130LET\u0130\u015e\u0130M&#8221; title=&#8221;Bize Ula\u015f\u0131n&#8221; img=&#8221;3232&#8243; enable_overlay=&#8221;true&#8221; columns=&#8221;%5B%7B%22title_col%22%3A%22TELEFON%20%22%2C%22subtitle_col%22%3A%22%2B90%20533%20457%2067%2084%22%2C%22divider%22%3A%22true%22%7D%2C%7B%22title_col%22%3A%22MA%C4%B0L%22%2C%22subtitle_col%22%3A%22ck%40ckaremimarlik.com%22%2C%22divider%22%3A%22true%22%7D%5D&#8221;][\/vc_banner_title]<\/div><\/div><\/div><\/div><div class=\"vc_row-full-width vc_clearfix\"><\/div><div class=\"vc_row wpb_row vc_row-fluid  margin-lg-70t margin-sm-40t\"><div class=\"wpb_column vc_column_container vc_col-sm-12\"><div class=\"vc_column-inner\"><div class=\"wpb_wrapper\">[vc_headings title=&#8221;Hadi Tan\u0131\u015fal\u0131m.&#8221; align=&#8221;Center&#8221;]<\/p>\n<p data-start=\"220\" data-end=\"393\">Projenizi birlikte \u015fekillendirmek i\u00e7in buraday\u0131z.<br data-start=\"269\" data-end=\"272\" \/>Mimari ve i\u00e7 mimari ihtiya\u00e7lar\u0131n\u0131z hakk\u0131nda bizimle ileti\u015fime ge\u00e7in, hayallerinizi estetik ve i\u015flevsellikle bulu\u015ftural\u0131m.<\/p>\n<p>[\/vc_headings]<\/div><\/div><\/div><\/div><div class=\"vc_row wpb_row vc_row-fluid  margin-lg-30t margin-lg-110b margin-sm-20t margin-sm-70b\"><div class=\"wpb_column vc_column_container vc_col-sm-12 vc_col-lg-offset-2 vc_col-lg-8 vc_col-md-offset-1 vc_col-md-10 vc_col-sm-offset-0 vc_col-xs-12\"><div class=\"vc_column-inner\"><div class=\"wpb_wrapper\">[vc_formidable form=&#8221;1&#8243;]<\/div><\/div><\/div><\/div>\n<\/div>","protected":false},"excerpt":{"rendered":"[vc_banner_title style=\"big\" color_style=\"light\" subtitle=\"\u0130LET\u0130\u015e\u0130M\" title=\"Bize Ula\u015f\u0131n\" img=\"3232\" enable_overlay=\"true\" columns=\"%5B%7B%22title_col%22%3A%22TELEFON%20%22%2C%22subtitle_col%22%3A%22%2B90%20533%20457%2067%2084%22%2C%22divider%22%3A%22true%22%7D%2C%7B%22title_col%22%3A%22MA%C4%B0L%22%2C%22subtitle_col%22%3A%22ck%40ckaremimarlik.com%22%2C%22divider%22%3A%22true%22%7D%5D\"][\/vc_banner_title][vc_headings title=\"Hadi Tan\u0131\u015fal\u0131m.\" align=\"Center\"] Projenizi birlikte \u015fekillendirmek i\u00e7in buraday\u0131z.Mimari ve i\u00e7 mimari","protected":false},"author":1,"featured_media":0,"parent":0,"menu_order":0,"comment_status":"closed","ping_status":"closed","template":"","meta":{"footnotes":""},"class_list":["post-116","page","type-page","status-publish","hentry"],"featured_image_src":"","featured_image_src_square":"","_links":{"self":[{"href":"https:\/\/ckaremimarlik.com\/en\/wp-json\/wp\/v2\/pages\/116","targetHints":{"allow":["GET"]}}],"collection":[{"href":"https:\/\/ckaremimarlik.com\/en\/wp-json\/wp\/v2\/pages"}],"about":[{"href":"https:\/\/ckaremimarlik.com\/en\/wp-json\/wp\/v2\/types\/page"}],"author":[{"embeddable":true,"href":"https:\/\/ckaremimarlik.com\/en\/wp-json\/wp\/v2\/users\/1"}],"replies":[{"embeddable":true,"href":"https:\/\/ckaremimarlik.com\/en\/wp-json\/wp\/v2\/comments?post=116"}],"version-history":[{"count":5,"href":"https:\/\/ckaremimarlik.com\/en\/wp-json\/wp\/v2\/pages\/116\/revisions"}],"predecessor-version":[{"id":3236,"href":"https:\/\/ckaremimarlik.com\/en\/wp-json\/wp\/v2\/pages\/116\/revisions\/3236"}],"wp:attachment":[{"href":"https:\/\/ckaremimarlik.com\/en\/wp-json\/wp\/v2\/media?parent=116"}],"curies":[{"name":"wp","href":"https:\/\/api.w.org\/{rel}","templated":true}]}}