{"id":105,"date":"2017-01-03T16:30:07","date_gmt":"2017-01-03T16:30:07","guid":{"rendered":"https:\/\/prague.foxthemes.me.1.2.0\/?page_id=105"},"modified":"2026-01-13T11:41:42","modified_gmt":"2026-01-13T11:41:42","slug":"hakkimizda","status":"publish","type":"page","link":"https:\/\/ckaremimarlik.com\/en\/hakkimizda\/","title":{"rendered":"Hakk\u0131m\u0131zda"},"content":{"rendered":"<div class=\"wpb-content-wrapper\"><div data-vc-full-width=\"true\" data-vc-full-width-init=\"false\" data-vc-stretch-content=\"true\" class=\"vc_row wpb_row vc_row-fluid vc_row-no-padding\"><div class=\"wpb_column vc_column_container vc_col-sm-12\"><div class=\"vc_column-inner\"><div class=\"wpb_wrapper\">[vc_banner_title color_style=&#8221;light&#8221; subtitle=&#8221;HAKKIMIZDA&#8221; img=&#8221;3198&#8243; enable_overlay=&#8221;true&#8221; enable_fullheight=&#8221;true&#8221; columns=&#8221;%5B%7B%22divider%22%3A%22true%22%7D%5D&#8221;][\/vc_banner_title]<\/div><\/div><\/div><\/div><div class=\"vc_row-full-width vc_clearfix\"><\/div><div class=\"vc_row wpb_row vc_row-fluid vc_row-o-content-middle vc_row-flex  margin-lg-40t margin-sm-70t\"><div class=\"wpb_column vc_column_container vc_col-sm-5 vc_col-md-offset-0  margin-lg-50t margin-sm-0t\"><div class=\"vc_column-inner\"><div class=\"wpb_wrapper\">\n\t<div  class=\"wpb_single_image wpb_content_element vc_align_center wpb_content_element\">\n\t\t\n\t\t<figure class=\"wpb_wrapper vc_figure\">\n\t\t\t<div class=\"vc_single_image-wrapper   vc_box_border_grey\"><img loading=\"lazy\" decoding=\"async\" width=\"700\" height=\"875\" src=\"https:\/\/ckaremimarlik.com\/wp-content\/uploads\/2025\/12\/hakkimizda.png\" class=\"vc_single_image-img attachment-full\" alt=\"\" title=\"hakk\u0131m\u0131zda\" srcset=\"https:\/\/ckaremimarlik.com\/wp-content\/uploads\/2025\/12\/hakkimizda.png 700w, https:\/\/ckaremimarlik.com\/wp-content\/uploads\/2025\/12\/hakkimizda-240x300.png 240w, https:\/\/ckaremimarlik.com\/wp-content\/uploads\/2025\/12\/hakkimizda-10x12.png 10w, https:\/\/ckaremimarlik.com\/wp-content\/uploads\/2025\/12\/hakkimizda-500x625.png 500w\" sizes=\"auto, (max-width: 700px) 100vw, 700px\" \/><\/div>\n\t\t<\/figure>\n\t<\/div>\n<\/div><\/div><\/div><div class=\"wpb_column vc_column_container vc_col-sm-7 vc_col-lg-offset-0 vc_col-lg-7 vc_col-md-offset-0 vc_col-md-7 vc_col-sm-offset-0  margin-sm-20t\"><div class=\"vc_column-inner\"><div class=\"wpb_wrapper\">[vc_headings title=&#8221;C KARE M\u0130MARLIK&#8221; subtitle=&#8221;HAKKIMIZDA&#8221;]CKare Mimarl\u0131k, estetikle i\u015flevin el s\u0131k\u0131\u015ft\u0131\u011f\u0131 noktada do\u011fdu.<br \/>\nBizim i\u00e7in mimarl\u0131k; sadece yap\u0131 \u00fcretmek de\u011fil, ya\u015fanacak hik\u00e2yeler tasarlamak demek.<\/p>\n<p>Klasik mimarinin g\u00fc\u00e7l\u00fc duru\u015funu, modern \u00e7izgilerin yal\u0131nl\u0131\u011f\u0131yla bulu\u015fturuyor; ah\u015fap, ta\u015f, beton ve \u0131\u015f\u0131\u011f\u0131 do\u011fru oranlarda bir araya getiriyoruz. Her projede mek\u00e2n\u0131n ruhunu, kullan\u0131c\u0131n\u0131n ihtiya\u00e7lar\u0131n\u0131 ve \u00e7evresini ayn\u0131 anda d\u00fc\u015f\u00fcn\u00fcyoruz. \u00c7\u00fcnk\u00fc iyi bir tasar\u0131m, hem g\u00f6ze hitap etmeli hem de hayat\u0131 kolayla\u015ft\u0131rmal\u0131.<\/p>\n<p>CKare Mimarl\u0131k olarak konut, ticari mek\u00e2n ve \u00f6zel tasar\u0131m projelerinde; detaylara \u00f6nem veren, s\u00fcrd\u00fcr\u00fclebilir ve zamans\u0131z \u00e7\u00f6z\u00fcmler \u00fcretiyoruz. Simetriyi severiz ama gerekti\u011finde kurallar\u0131 da cesurca esnetiriz. Fonksiyon olmazsa olmaz\u0131m\u0131zd\u0131r; estetik ise i\u015fin imzas\u0131d\u0131r.<\/p>\n<p>\u0130\u015fimizi ciddiye al\u0131r\u0131z, kendimizi de\u011fil.<br \/>\nS\u00fcre\u00e7 boyunca \u015feffaf ileti\u015fim kurar, birlikte d\u00fc\u015f\u00fcn\u00fcr, birlikte \u00fcretiriz. \u00c7\u00fcnk\u00fc inan\u0131yoruz ki en iyi projeler, iyi diyaloglardan \u00e7\u0131kar.<\/p>\n<p>K\u0131sacas\u0131 CKare Mimarl\u0131k;<br \/>\nakl\u0131 olan tasar\u0131m, ruhu olan mek\u00e2nlar \u00fcretir.[\/vc_headings]<\/div><\/div><\/div><\/div><div data-vc-full-width=\"true\" data-vc-full-width-init=\"false\" data-vc-stretch-content=\"true\" class=\"vc_row wpb_row vc_row-fluid vc_row-no-padding  margin-lg-75t margin-sm-20t\"><div class=\"wpb_column vc_column_container vc_col-sm-12\"><div class=\"vc_column-inner\"><div class=\"wpb_wrapper\">[vc_wrapper title=&#8221;Neler Yap\u0131yoruz&#8221; subtitle=&#8221;H\u0130ZMETLER\u0130M\u0130Z&#8221; image=&#8221;1135&#8243; color_style=&#8221;light&#8221;][vc_projects_posts templates=&#8221;services&#8221; post_type=&#8221;services&#8221; total_columns=&#8221;prague_count_col3&#8243; button_style=&#8221;creative&#8221; button_link_class=&#8221;prague-services-link a-btn-2 creative&#8221; button_span_class=&#8221;a-btn-line&#8221; posts_per_page=&#8221;3&#8243;][\/vc_wrapper]<\/div><\/div><\/div><\/div><div class=\"vc_row-full-width vc_clearfix\"><\/div><div data-vc-full-width=\"true\" data-vc-full-width-init=\"false\" data-vc-stretch-content=\"true\" class=\"vc_row wpb_row vc_row-fluid vc_custom_1766065508793 vc_row-has-fill vc_row-no-padding\"><div class=\"wpb_column vc_column_container vc_col-sm-12\"><div class=\"vc_column-inner\"><div class=\"wpb_wrapper\">\n\t<div class=\"wpb_raw_code wpb_raw_html wpb_content_element\" >\n\t\t<div class=\"wpb_wrapper\">\n\t\t\t[gslogo id=48]\n\t\t<\/div>\n\t<\/div>\n<\/div><\/div><\/div><\/div><div class=\"vc_row-full-width vc_clearfix\"><\/div>\n\n\n<div class=\"wp-block-lcb-logo-carousel alcb-block-n0rfgmam\"><div dir=\"ltr\" class=\"alcb__carousel_container swiper\" data-desktop=\"4\" data-tablet=\"2\" data-mobile=\"1\" data-autoplay=\"true\" data-autoplaydelay=\"100\" data-autoplaydirection=\"false\" data-speed=\"1500\" data-loop=\"false\" data-pauseonhover=\"true\" data-keyboard=\"false\" data-mousewheel=\"false\" data-autoheight=\"false\" data-deskspace=\"30\" data-tabspace=\"20\" data-phonespace=\"10\" data-id=\"alcb-block-n0rfgmam\" data-pagination=\"false\" data-navigation=\"false\" id=\"alcb-block-n0rfgmam\"><div class=\"swiper-wrapper\"><div class=\"swiper-slide alcb__logo-item\" style=\"border: 0 solid #333333;border-radius:0px\"><div class=\"alcb__logo-image  alcb__none\"><img decoding=\"async\" src=\"https:\/\/ckaremimarlik.com\/wp-content\/uploads\/2026\/01\/daysonzemin.png\" alt=\"\" id=\"3405\"\/><\/div><\/div><div class=\"swiper-slide alcb__logo-item\" style=\"border: 0 solid #333333;border-radius:0px\"><div class=\"alcb__logo-image  alcb__none\"><img decoding=\"async\" src=\"https:\/\/ckaremimarlik.com\/wp-content\/uploads\/2026\/01\/amazonlogo.png\" alt=\"\" id=\"3404\"\/><\/div><\/div><div class=\"swiper-slide alcb__logo-item\" style=\"border: 0 solid #333333;border-radius:0px\"><div class=\"alcb__logo-image  alcb__none\"><img decoding=\"async\" src=\"https:\/\/ckaremimarlik.com\/wp-content\/uploads\/2026\/01\/divanbursa.png\" alt=\"\" id=\"3406\"\/><\/div><\/div><div class=\"swiper-slide alcb__logo-item\" style=\"border: 0 solid #333333;border-radius:0px\"><div class=\"alcb__logo-image  alcb__none\"><img decoding=\"async\" src=\"https:\/\/ckaremimarlik.com\/wp-content\/uploads\/2026\/01\/uulogo.png\" alt=\"\" id=\"3407\"\/><\/div><\/div><div class=\"swiper-slide alcb__logo-item\" style=\"border: 0 solid #333333;border-radius:0px\"><div class=\"alcb__logo-image  alcb__none\"><img decoding=\"async\" src=\"https:\/\/ckaremimarlik.com\/wp-content\/uploads\/2026\/01\/danisyapilogo.png\" alt=\"\" id=\"3408\"\/><\/div><\/div><div class=\"swiper-slide alcb__logo-item\" style=\"border: 0 solid #333333;border-radius:0px\"><div class=\"alcb__logo-image  alcb__none\"><img decoding=\"async\" src=\"https:\/\/ckaremimarlik.com\/wp-content\/uploads\/2026\/01\/dosablogo.png\" alt=\"\" id=\"3409\"\/><\/div><\/div><div class=\"swiper-slide alcb__logo-item\" style=\"border: 0 solid #333333;border-radius:0px\"><div class=\"alcb__logo-image  alcb__none\"><img decoding=\"async\" src=\"https:\/\/ckaremimarlik.com\/wp-content\/uploads\/2026\/01\/zerologo.png\" alt=\"\" id=\"3403\"\/><\/div><\/div><div class=\"swiper-slide alcb__logo-item\" style=\"border: 0 solid #333333;border-radius:0px\"><div class=\"alcb__logo-image  alcb__none\"><img decoding=\"async\" src=\"https:\/\/ckaremimarlik.com\/wp-content\/uploads\/2026\/01\/Untitled-3.png\" alt=\"\" id=\"3402\"\/><\/div><\/div><\/div><\/div><\/div>\n<\/div>","protected":false},"excerpt":{"rendered":"[vc_banner_title color_style=\"light\" subtitle=\"HAKKIMIZDA\" img=\"3198\" enable_overlay=\"true\" enable_fullheight=\"true\" columns=\"%5B%7B%22divider%22%3A%22true%22%7D%5D\"][\/vc_banner_title] [vc_headings title=\"C KARE M\u0130MARLIK\" subtitle=\"HAKKIMIZDA\"]CKare Mimarl\u0131k, estetikle i\u015flevin el s\u0131k\u0131\u015ft\u0131\u011f\u0131 noktada do\u011fdu. Bizim","protected":false},"author":1,"featured_media":0,"parent":0,"menu_order":0,"comment_status":"closed","ping_status":"closed","template":"","meta":{"footnotes":""},"class_list":["post-105","page","type-page","status-publish","hentry"],"featured_image_src":"","featured_image_src_square":"","_links":{"self":[{"href":"https:\/\/ckaremimarlik.com\/en\/wp-json\/wp\/v2\/pages\/105","targetHints":{"allow":["GET"]}}],"collection":[{"href":"https:\/\/ckaremimarlik.com\/en\/wp-json\/wp\/v2\/pages"}],"about":[{"href":"https:\/\/ckaremimarlik.com\/en\/wp-json\/wp\/v2\/types\/page"}],"author":[{"embeddable":true,"href":"https:\/\/ckaremimarlik.com\/en\/wp-json\/wp\/v2\/users\/1"}],"replies":[{"embeddable":true,"href":"https:\/\/ckaremimarlik.com\/en\/wp-json\/wp\/v2\/comments?post=105"}],"version-history":[{"count":29,"href":"https:\/\/ckaremimarlik.com\/en\/wp-json\/wp\/v2\/pages\/105\/revisions"}],"predecessor-version":[{"id":3410,"href":"https:\/\/ckaremimarlik.com\/en\/wp-json\/wp\/v2\/pages\/105\/revisions\/3410"}],"wp:attachment":[{"href":"https:\/\/ckaremimarlik.com\/en\/wp-json\/wp\/v2\/media?parent=105"}],"curies":[{"name":"wp","href":"https:\/\/api.w.org\/{rel}","templated":true}]}}